{"id":5511964,"date":"2022-11-18T14:16:17","date_gmt":"2022-11-18T13:16:17","guid":{"rendered":"https:\/\/lyras.com\/hesaplama-kosullari\/"},"modified":"2024-08-15T10:28:30","modified_gmt":"2024-08-15T08:28:30","slug":"hesaplama-kosullari","status":"publish","type":"page","link":"https:\/\/lyras.com\/tr\/calculate-energy-water-savings\/hesaplama-kosullari\/","title":{"rendered":"Hesaplama Ko\u015fullar\u0131"},"content":{"rendered":"<div class=\"fusion-fullwidth fullwidth-box fusion-builder-row-1 fusion-flex-container nonhundred-percent-fullwidth non-hundred-percent-height-scrolling\" style=\"--awb-border-radius-top-left:0px;--awb-border-radius-top-right:0px;--awb-border-radius-bottom-right:0px;--awb-border-radius-bottom-left:0px;--awb-flex-wrap:wrap;\" ><div class=\"fusion-builder-row fusion-row fusion-flex-align-items-flex-start fusion-flex-justify-content-center fusion-flex-content-wrap\" style=\"max-width:1664px;margin-left: calc(-4% \/ 2 );margin-right: calc(-4% \/ 2 );\"><div class=\"fusion-layout-column fusion_builder_column fusion-builder-column-0 fusion_builder_column_2_3 2_3 fusion-flex-column\" style=\"--awb-bg-size:cover;--awb-width-large:66.666666666667%;--awb-margin-top-large:0px;--awb-spacing-right-large:2.88%;--awb-margin-bottom-large:0px;--awb-spacing-left-large:2.88%;--awb-width-medium:66.666666666667%;--awb-spacing-right-medium:2.88%;--awb-spacing-left-medium:2.88%;--awb-width-small:100%;--awb-spacing-right-small:1.92%;--awb-spacing-left-small:1.92%;\"><div class=\"fusion-column-wrapper fusion-flex-justify-content-flex-start fusion-content-layout-column\"><div class=\"fusion-text fusion-text-1\"><h2>Hesaplama arac\u0131ndan al\u0131nan tahminler \u015fu \u015fekilde sa\u011flanmaktad\u0131r: <\/h2>\n<ul>\n<li data-leveltext=\"\uf0b7\" data-font=\"Symbol\" data-listid=\"1\" data-list-defn-props=\"{\" aria-setsize=\"-1\" data-aria-posinset=\"1\" data-aria-level=\"1\"><a href=\"https:\/\/lyras.com\/in-depth\/raslysation\/\" target=\"_blank\" rel=\"noopener\"><strong>Raslizasyon <\/strong><\/a>teknolojisi, bir plakal\u0131 \u0131s\u0131 e\u015fanj\u00f6r\u00fc \u00e7\u00f6z\u00fcm\u00fcn\u00fcn yerini almaktad\u0131r; Plakal\u0131 \u0131s\u0131 e\u015fanj\u00f6r\u00fc %89&#8217;luk bir rejeneratif etkiye sahiptir veya %75&#8217;lik bir rejeneratif etkiye sahip silindir g\u00f6vdeli bir e\u015fanj\u00f6r kullan\u0131l\u0131r.&nbsp;&nbsp;<\/li>\n<li data-leveltext=\"\uf0b7\" data-font=\"Symbol\" data-listid=\"1\" data-list-defn-props=\"{\" aria-setsize=\"-1\" data-aria-posinset=\"2\" data-aria-level=\"1\">Past\u00f6rizasyon s\u0131cakl\u0131\u011f\u0131 s\u00fct ve peynir alt\u0131 suyu i\u00e7in 76 derece, meyve suyu i\u00e7in 96 derece ve su i\u00e7in 72 derecedir. &nbsp;<\/li>\n<li data-leveltext=\"\uf0b7\" data-font=\"Symbol\" data-listid=\"1\" data-list-defn-props=\"{\" aria-setsize=\"-1\" data-aria-posinset=\"2\" data-aria-level=\"1\">Is\u0131, do\u011fal gazla \u00e7al\u0131\u015fan bir kazan taraf\u0131ndan \u00fcretilir. &nbsp;<\/li>\n<li data-leveltext=\"\uf0b7\" data-font=\"Symbol\" data-listid=\"1\" data-list-defn-props=\"{\" aria-setsize=\"-1\" data-aria-posinset=\"2\" data-aria-level=\"1\">Bir metrek\u00fcp gaz\u0131n maliyeti 1,5 \u20ac&#8217;dur. Elektri\u011fin fiyat\u0131 0,2 \u20ac\/kWh&#8217;d\u0131r. <\/li>\n<li data-leveltext=\"\uf0b7\" data-font=\"Symbol\" data-listid=\"1\" data-list-defn-props=\"{\" aria-setsize=\"-1\" data-aria-posinset=\"2\" data-aria-level=\"1\">Hem \u0131s\u0131 e\u015fanj\u00f6r\u00fcn\u00fcn hem de raslizasyon sisteminin \u00fcr\u00fcn \u00e7\u0131k\u0131\u015f s\u0131cakl\u0131\u011f\u0131, giri\u015f s\u0131cakl\u0131\u011f\u0131 ile ayn\u0131d\u0131r.&nbsp;<\/li>\n<li data-leveltext=\"\uf0b7\" data-font=\"Symbol\" data-listid=\"1\" data-list-defn-props=\"{\" aria-setsize=\"-1\" data-aria-posinset=\"2\" data-aria-level=\"1\">T\u00fcm CO\u2082 emisyonu tahminleri, \u00fcretilen kWh ba\u015f\u0131na ortalama AB CO\u2082 emisyonuna dayanmaktad\u0131r.&nbsp;<\/li>\n<\/ul>\n<\/div><div class=\"fusion-text fusion-text-2\" style=\"--awb-font-size:12px;\"><p>&nbsp;<\/p>\n<p><a href=\"https:\/\/ngs.dk\/\" target=\"_blank\" rel=\"noopener\"><img decoding=\"async\" class=\"alignnone wp-image-5508017\" src=\"https:\/\/lyras.com\/wp-content\/uploads\/2023\/06\/NGS_LOGO_RGB_MORKEGRON-300x104.png\" alt=\"\" width=\"41\" height=\"14\" title=\"\" srcset=\"https:\/\/lyras.com\/wp-content\/uploads\/2023\/06\/NGS_LOGO_RGB_MORKEGRON-300x104.png 300w, https:\/\/lyras.com\/wp-content\/uploads\/2023\/06\/NGS_LOGO_RGB_MORKEGRON-768x265.png 768w, https:\/\/lyras.com\/wp-content\/uploads\/2023\/06\/NGS_LOGO_RGB_MORKEGRON-1024x354.png 1024w, https:\/\/lyras.com\/wp-content\/uploads\/2023\/06\/NGS_LOGO_RGB_MORKEGRON-1536x531.png 1536w\" sizes=\"(max-width: 41px) 100vw, 41px\" \/><\/a> Bu hesaplama arac\u0131, NGS Nordic Green Solutions taraf\u0131ndan do\u011frulanm\u0131\u015f ve onaylanm\u0131\u015ft\u0131r.<\/p>\n<\/div><\/div><\/div><\/div><\/div>\n","protected":false},"excerpt":{"rendered":"","protected":false},"author":5008,"featured_media":0,"parent":5511968,"menu_order":0,"comment_status":"closed","ping_status":"closed","template":"","meta":{"footnotes":""},"class_list":["post-5511964","page","type-page","status-publish","hentry"],"_links":{"self":[{"href":"https:\/\/lyras.com\/tr\/wp-json\/wp\/v2\/pages\/5511964","targetHints":{"allow":["GET"]}}],"collection":[{"href":"https:\/\/lyras.com\/tr\/wp-json\/wp\/v2\/pages"}],"about":[{"href":"https:\/\/lyras.com\/tr\/wp-json\/wp\/v2\/types\/page"}],"author":[{"embeddable":true,"href":"https:\/\/lyras.com\/tr\/wp-json\/wp\/v2\/users\/5008"}],"replies":[{"embeddable":true,"href":"https:\/\/lyras.com\/tr\/wp-json\/wp\/v2\/comments?post=5511964"}],"version-history":[{"count":2,"href":"https:\/\/lyras.com\/tr\/wp-json\/wp\/v2\/pages\/5511964\/revisions"}],"predecessor-version":[{"id":5511966,"href":"https:\/\/lyras.com\/tr\/wp-json\/wp\/v2\/pages\/5511964\/revisions\/5511966"}],"up":[{"embeddable":true,"href":"https:\/\/lyras.com\/tr\/wp-json\/wp\/v2\/pages\/5511968"}],"wp:attachment":[{"href":"https:\/\/lyras.com\/tr\/wp-json\/wp\/v2\/media?parent=5511964"}],"curies":[{"name":"wp","href":"https:\/\/api.w.org\/{rel}","templated":true}]}}