{"id":5511062,"date":"2022-07-15T12:58:50","date_gmt":"2022-07-15T10:58:50","guid":{"rendered":"https:\/\/lyras.com\/calculate-energy-water-savings\/"},"modified":"2024-04-26T11:24:11","modified_gmt":"2024-04-26T09:24:11","slug":"oblicz-ile-energii-zaoszczedzisz","status":"publish","type":"page","link":"https:\/\/lyras.com\/pl\/oblicz-ile-energii-zaoszczedzisz\/","title":{"rendered":"Oblicz, ile energii zaoszcz\u0119dzisz"},"content":{"rendered":"<p><div class=\"fusion-fullwidth fullwidth-box fusion-builder-row-1 fusion-flex-container has-pattern-background has-mask-background fusion-parallax-none nonhundred-percent-fullwidth non-hundred-percent-height-scrolling\" style=\"--awb-background-blend-mode:multiply;--awb-border-radius-top-left:0px;--awb-border-radius-top-right:0px;--awb-border-radius-bottom-right:0px;--awb-border-radius-bottom-left:0px;--awb-min-height:460px;--awb-background-color:hsla(var(--awb-custom_color_3-h),var(--awb-custom_color_3-s),var(--awb-custom_color_3-l),calc(var(--awb-custom_color_3-a) - 50%));--awb-background-image:url(&quot;https:\/\/lyras.com\/wp-content\/uploads\/2022\/11\/Sustainable-liquid-processing-reducing-CO2.jpg&quot;);--awb-background-size:cover;--awb-flex-wrap:wrap;\" ><div class=\"fusion-builder-row fusion-row fusion-flex-align-items-center fusion-flex-justify-content-center fusion-flex-content-wrap\" style=\"max-width:1664px;margin-left: calc(-4% \/ 2 );margin-right: calc(-4% \/ 2 );\"><div class=\"fusion-layout-column fusion_builder_column fusion-builder-column-0 fusion_builder_column_1_2 1_2 fusion-flex-column\" style=\"--awb-bg-size:cover;--awb-width-large:50%;--awb-margin-top-large:0px;--awb-spacing-right-large:3.84%;--awb-margin-bottom-large:20px;--awb-spacing-left-large:3.84%;--awb-width-medium:50%;--awb-order-medium:0;--awb-spacing-right-medium:3.84%;--awb-spacing-left-medium:3.84%;--awb-width-small:100%;--awb-order-small:0;--awb-spacing-right-small:1.92%;--awb-spacing-left-small:1.92%;\"><div class=\"fusion-column-wrapper fusion-column-has-shadow fusion-flex-justify-content-flex-start fusion-content-layout-column\"><div class=\"fusion-title title fusion-title-1 fusion-sep-none fusion-title-center fusion-title-text fusion-title-size-one\" style=\"--awb-text-color:var(--awb-color1);\"><h1 class=\"fusion-title-heading title-heading-center fusion-responsive-typography-calculated\" style=\"margin:0;--fontSize:48;line-height:var(--awb-typography1-line-height);\"><strong>Oblicz swoje oszcz\u0119dno\u015bci energii i CO<sup>2<\/sup><\/strong><\/h1><\/div><div class=\"fusion-text fusion-text-1\" style=\"--awb-content-alignment:center;--awb-text-color:var(--awb-color1);\"><p>Narz\u0119dzie kalkulacyjne pozawala na oszacowanie oszcz\u0119dno\u015bci uzyskanych dzi\u0119ki Raslyzacji. Nie wahaj si\u0119 skontaktowa\u0107 z naszym dzia\u0142em sprzeda\u017cy za pomoc\u0105 poni\u017cszego formularza lub znajd\u017a kontakt handlowy na naszej stronie, aby uzyska\u0107 szczeg\u00f3\u0142ow\u0105 analiz\u0119.<\/p>\n<\/div><\/div><\/div><\/div><\/div><div class=\"fusion-fullwidth fullwidth-box fusion-builder-row-2 fusion-flex-container has-pattern-background has-mask-background nonhundred-percent-fullwidth non-hundred-percent-height-scrolling\" style=\"--awb-border-radius-top-left:0px;--awb-border-radius-top-right:0px;--awb-border-radius-bottom-right:0px;--awb-border-radius-bottom-left:0px;--awb-padding-top:70px;--awb-padding-bottom:70px;--awb-flex-wrap:wrap;\" ><div class=\"fusion-builder-row fusion-row fusion-flex-align-items-flex-start fusion-flex-justify-content-center fusion-flex-content-wrap\" style=\"max-width:1664px;margin-left: calc(-4% \/ 2 );margin-right: calc(-4% \/ 2 );\"><div class=\"fusion-layout-column fusion_builder_column fusion-builder-column-1 fusion_builder_column_2_3 2_3 fusion-flex-column\" style=\"--awb-bg-size:cover;--awb-width-large:66.666666666667%;--awb-margin-top-large:0px;--awb-spacing-right-large:2.88%;--awb-margin-bottom-large:20px;--awb-spacing-left-large:2.88%;--awb-width-medium:66.666666666667%;--awb-order-medium:0;--awb-spacing-right-medium:2.88%;--awb-spacing-left-medium:2.88%;--awb-width-small:100%;--awb-order-small:0;--awb-spacing-right-small:1.92%;--awb-spacing-left-small:1.92%;\"><div class=\"fusion-column-wrapper fusion-column-has-shadow fusion-flex-justify-content-flex-start fusion-content-layout-column\"><div class=\"fusion-title title fusion-title-2 fusion-sep-none fusion-title-center fusion-title-text fusion-title-size-two\" style=\"--awb-margin-bottom:50px;--awb-font-size:var(--awb-typography1-font-size);\"><h2 class=\"fusion-title-heading title-heading-center fusion-responsive-typography-calculated\" style=\"font-family:var(--awb-typography1-font-family);font-weight:var(--awb-typography1-font-weight);font-style:var(--awb-typography1-font-style);margin:0;letter-spacing:var(--awb-typography1-letter-spacing);text-transform:var(--awb-typography1-text-transform);font-size:1em;--fontSize:48;line-height:var(--awb-typography1-line-height);\"><strong>Do tej pory<\/strong> klienci odnotowali nast\u0119puj\u0105ce rezultaty:<\/h2><\/div><div class=\"fusion-image-element \" style=\"text-align:center;--awb-max-width:800px;--awb-caption-title-font-family:var(--h2_typography-font-family);--awb-caption-title-font-weight:var(--h2_typography-font-weight);--awb-caption-title-font-style:var(--h2_typography-font-style);--awb-caption-title-size:var(--h2_typography-font-size);--awb-caption-title-transform:var(--h2_typography-text-transform);--awb-caption-title-line-height:var(--h2_typography-line-height);--awb-caption-title-letter-spacing:var(--h2_typography-letter-spacing);\"><span class=\" fusion-imageframe imageframe-none imageframe-1 hover-type-none\"><img decoding=\"async\" width=\"1024\" height=\"425\" title=\"Energy and water savings\" src=\"https:\/\/lyras.com\/wp-content\/uploads\/2022\/12\/Energy-and-water-savings-1024x425.png\" class=\"img-responsive wp-image-5511036\" alt=\"\" srcset=\"https:\/\/lyras.com\/wp-content\/uploads\/2022\/12\/Energy-and-water-savings-300x125.png 300w, https:\/\/lyras.com\/wp-content\/uploads\/2022\/12\/Energy-and-water-savings-768x319.png 768w, https:\/\/lyras.com\/wp-content\/uploads\/2022\/12\/Energy-and-water-savings-1024x425.png 1024w, https:\/\/lyras.com\/wp-content\/uploads\/2022\/12\/Energy-and-water-savings-1536x638.png 1536w\" sizes=\"(max-width: 1024px) 100vw, 1024px\" \/><\/span><\/div><div class=\"fusion-text fusion-text-2\"><div class=\"forminator-ui forminator-custom-form forminator-custom-form-5511066 forminator-design--flat  forminator_ajax\" data-forminator-render=\"0\" data-form=\"forminator-module-5511066\" data-uid=\"69e0673d0edea\"><br\/><\/div><form\n\t\t\t\tid=\"forminator-module-5511066\"\n\t\t\t\tclass=\"forminator-ui forminator-custom-form forminator-custom-form-5511066 forminator-design--flat  forminator_ajax\"\n\t\t\t\tmethod=\"post\"\n\t\t\t\tdata-forminator-render=\"0\"\n\t\t\t\tdata-form-id=\"5511066\"\n\t\t\t\t data-color-option=\"default\" data-design=\"flat\" data-grid=\"open\" style=\"display: none;\"\n\t\t\t\tdata-uid=\"69e0673d0edea\"\n\t\t\t><div role=\"alert\" aria-live=\"polite\" class=\"forminator-response-message forminator-error\" aria-hidden=\"true\"><\/div><div role=\"tablist\" class=\"forminator-pagination-steps\" aria-label=\"Pagination\"><\/div><div\n\t\t\t\ttabindex=\"-1\"\n\t\t\t\trole=\"tabpanel\"\n\t\t\t\tid=\"forminator-custom-form-5511066--page-0\"\n\t\t\t\tclass=\"forminator-pagination forminator-pagination-start\"\n\t\t\t\taria-labelledby=\"forminator-custom-form-5511066--page-0-label\"\n\t\t\t\tdata-step=\"0\"\n\t\t\t\tdata-label=\"Otrzymaj pe\u0142n\u0105 kalkulacj\u0119\"\n\t\t\t\tdata-actual-label=\"Strona 1\"\n\t\t\t\tdata-name=\"page-break-1\"\n\t\t\t><div class=\"forminator-pagination--content\"><div class=\"forminator-row\"><div id=\"select-1\" class=\"forminator-field-select forminator-col forminator-col-12 \"><div class=\"forminator-field\"><label for=\"forminator-form-5511066__field--select-1_69e0673d0edea\" id=\"forminator-form-5511066__field--select-1_69e0673d0edea-label\" class=\"forminator-label\">Co produkujesz? <span class=\"forminator-required\">*<\/span><\/label><select  id=\"forminator-form-5511066__field--select-1_69e0673d0edea\" class=\"forminator-select--field forminator-select2 forminator-select2-multiple\" data-required=\"1\" name=\"select-1\" data-default-value=\"\" data-placeholder=\"Wybierz produkt\" data-search=\"false\" data-search-placeholder=\"Wybierz produkt\" data-checkbox=\"false\" data-allow-clear=\"false\" aria-labelledby=\"forminator-form-5511066__field--select-1_69e0673d0edea-label\"><option value=\"\"  >Wybierz produkt<\/option><option value=\"Whey\"  data-calculation=\"11\">Serwatka<\/option><option value=\"Brine\"  data-calculation=\"10\">Solanka<\/option><option value=\"Process-water\"  data-calculation=\"14\">Woda procesowa<\/option><option value=\"Milk\"  data-calculation=\"11\">Mleko<\/option><option value=\"Apple-Juice\"  data-calculation=\"24\">Sok jab\u0142kowy<\/option><option value=\"Others\"  data-calculation=\"11\">Inne<\/option><\/select><\/div><\/div><\/div><div class=\"forminator-row\"><div id=\"number-1\" class=\"forminator-field-number forminator-col forminator-col-12 \"><div class=\"forminator-field\"><label for=\"forminator-field-number-1_69e0673d0edea\" id=\"forminator-field-number-1_69e0673d0edea-label\" class=\"forminator-label\">Jaka jest wydajno\u015b\u0107 procesu? (l\/godz.) <span class=\"forminator-required\">*<\/span><\/label><input name=\"number-1\" value=\"\" placeholder=\"Jaka jest wydajno\u015b\u0107 procesu? (l\/godz.)\" id=\"forminator-field-number-1_69e0673d0edea\" class=\"forminator-input forminator-number--field\" inputmode=\"decimal\" data-required=\"1\" data-decimals=\"0\" aria-required=\"true\" data-inputmask=\"&#039;groupSeparator&#039;: &#039;&#039;, &#039;radixPoint&#039;: &#039;&#039;, &#039;digits&#039;: &#039;0&#039;\" type=\"number\" step=\"any\" min=\"1\" max=\"10000000\" \/><\/div><\/div><\/div><div class=\"forminator-row\"><div id=\"number-3\" class=\"forminator-field-number forminator-col forminator-col-12 \"><div class=\"forminator-field\"><label for=\"forminator-field-number-3_69e0673d0edea\" id=\"forminator-field-number-3_69e0673d0edea-label\" class=\"forminator-label\">Dni produkcji w ci\u0105gu roku <span class=\"forminator-required\">*<\/span><\/label><input name=\"number-3\" value=\"\" placeholder=\"Dni produkcji w ci\u0105gu roku\" id=\"forminator-field-number-3_69e0673d0edea\" class=\"forminator-input forminator-number--field\" inputmode=\"decimal\" data-required=\"1\" data-decimals=\"0\" aria-required=\"true\" data-inputmask=\"&#039;groupSeparator&#039;: &#039;&#039;, &#039;radixPoint&#039;: &#039;&#039;, &#039;digits&#039;: &#039;0&#039;\" type=\"number\" step=\"any\" min=\"1\" max=\"365\" \/><\/div><\/div><\/div><div class=\"forminator-row\"><div id=\"number-2\" class=\"forminator-field-number forminator-col forminator-col-12 \"><div class=\"forminator-field\"><label for=\"forminator-field-number-2_69e0673d0edea\" id=\"forminator-field-number-2_69e0673d0edea-label\" class=\"forminator-label\">Godziny produkcji w ci\u0105gu dnia <span class=\"forminator-required\">*<\/span><\/label><input name=\"number-2\" value=\"\" placeholder=\"Godziny produkcji w ci\u0105gu dnia\" id=\"forminator-field-number-2_69e0673d0edea\" class=\"forminator-input forminator-number--field\" inputmode=\"decimal\" data-required=\"1\" data-decimals=\"0\" aria-required=\"true\" data-inputmask=\"&#039;groupSeparator&#039;: &#039;&#039;, &#039;radixPoint&#039;: &#039;&#039;, &#039;digits&#039;: &#039;0&#039;\" type=\"number\" step=\"any\" min=\"1\" max=\"24\" \/><\/div><\/div><\/div><\/div><\/div><div\n\t\t\t\ttabindex=\"-1\"\n\t\t\t\trole=\"tabpanel\"\n\t\t\t\tid=\"forminator-custom-form-5511066--page-1\"\n\t\t\t\tclass=\"forminator-pagination\"\n\t\t\t\taria-labelledby=\"forminator-custom-form-5511066--page-1-label\"\n\t\t\t\taria-hidden=\"true\"\n\t\t\t\tdata-step=\"1\"\n\t\t\t\tdata-label=\"Strona 1\"\n\t\t\t\tdata-actual-label=\"Strona 2\"\n\t\t\t\tdata-name=\"page-break-2\"\n\t\t\t\thidden\n\t\t\t><div class=\"forminator-pagination--content\"><div class=\"forminator-row\"><div id=\"calculation-2\" class=\"forminator-field-calculation forminator-col forminator-col-4 \"><div class=\"forminator-field\"><label for=\"calculation-2-field_69e0673d0edea\" id=\"calculation-2-field_69e0673d0edea-label\" class=\"forminator-label\">Szacowane zmniejszenie zu\u017cycia energii<\/label><input type=\"text\" name=\"calculation-2\" value=\"\" id=\"calculation-2-field_69e0673d0edea\" class=\"forminator-calculation forminator-input\" data-formula=\"(({number-1}\/1000)*{number-3}*{number-2}*{select-1})*0.95\" data-required=\"\" data-decimal-point=\"\" data-precision=\"0\" data-is-hidden=\"\" disabled=\"disabled\" data-decimals=\"0\" data-inputmask=\"&#039;groupSeparator&#039;: &#039;,&#039;, &#039;radixPoint&#039;: &#039;&#039;, &#039;digits&#039;: &#039;0&#039;\" readonly=\"readonly\" aria-describedby=\"calculation-2-field_69e0673d0edea-description\" \/><span id=\"calculation-2-field_69e0673d0edea-description\" class=\"forminator-description\">kWh rocznie<\/span><\/div><\/div><div id=\"calculation-4\" class=\"forminator-field-calculation forminator-col forminator-col-4 \"><div class=\"forminator-field\"><label for=\"calculation-4-field_69e0673d0edea\" id=\"calculation-4-field_69e0673d0edea-label\" class=\"forminator-label\">Szacowane oszcz\u0119dno\u015bci koszt\u00f3w energii<\/label><input type=\"text\" name=\"calculation-4\" value=\"\" id=\"calculation-4-field_69e0673d0edea\" class=\"forminator-calculation forminator-input\" data-formula=\"(((((({number-1}\/1000)*{number-3}*{number-2})*{select-1})*1.0)\/10.53))*0.95\" data-required=\"\" data-decimal-point=\"\" data-precision=\"0\" data-is-hidden=\"\" disabled=\"disabled\" data-decimals=\"0\" data-inputmask=\"&#039;groupSeparator&#039;: &#039;,&#039;, &#039;radixPoint&#039;: &#039;&#039;, &#039;digits&#039;: &#039;0&#039;\" readonly=\"readonly\" aria-describedby=\"calculation-4-field_69e0673d0edea-description\" \/><span id=\"calculation-4-field_69e0673d0edea-description\" class=\"forminator-description\">\u20ac rocznie<\/span><\/div><\/div><div id=\"calculation-3\" class=\"forminator-field-calculation forminator-col forminator-col-4 \"><div class=\"forminator-field\"><label for=\"calculation-3-field_69e0673d0edea\" id=\"calculation-3-field_69e0673d0edea-label\" class=\"forminator-label\">Szacowane zmniejszenie emisji CO2<\/label><input type=\"text\" name=\"calculation-3\" value=\"\" id=\"calculation-3-field_69e0673d0edea\" class=\"forminator-calculation forminator-input\" data-formula=\"((((({number-1}\/1000)*{number-3}*{number-2})*{select-1}*0.210)*0.001))*0.95\" data-required=\"\" data-decimal-point=\"\" data-precision=\"0\" data-is-hidden=\"\" disabled=\"disabled\" data-decimals=\"0\" data-inputmask=\"&#039;groupSeparator&#039;: &#039;,&#039;, &#039;radixPoint&#039;: &#039;&#039;, &#039;digits&#039;: &#039;0&#039;\" readonly=\"readonly\" aria-describedby=\"calculation-3-field_69e0673d0edea-description\" \/><span id=\"calculation-3-field_69e0673d0edea-description\" class=\"forminator-description\">Tona metryczna CO2 rocznie<\/span><\/div><\/div><\/div><\/div><\/div><div\n\t\t\t\ttabindex=\"-1\"\n\t\t\t\trole=\"tabpanel\"\n\t\t\t\tid=\"forminator-custom-form-5511066--page-2\"\n\t\t\t\tclass=\"forminator-pagination\"\n\t\t\t\taria-labelledby=\"forminator-custom-form-5511066--page-2-label\"\n\t\t\t\taria-hidden=\"true\"\n\t\t\t\tdata-step=\"2\"\n\t\t\t\tdata-label=\"Strona 2\"\n\t\t\t\tdata-actual-label=\"Otrzymaj pe\u0142n\u0105 kalkulacj\u0119\"\n\t\t\t\tdata-name=\"\"\n\t\t\t\thidden\n\t\t\t><div class=\"forminator-pagination--content\"><div class=\"forminator-row\"><div id=\"name-1\" class=\"forminator-field-name forminator-col forminator-col-12 \"><div class=\"forminator-field\"><label for=\"forminator-field-name-1_69e0673d0edea\" id=\"forminator-field-name-1_69e0673d0edea-label\" class=\"forminator-label\">Imi\u0119 i nazwisko <span class=\"forminator-required\">*<\/span><\/label><input type=\"text\" name=\"name-1\" value=\"\" placeholder=\"Np. Jan Kowalski\" id=\"forminator-field-name-1_69e0673d0edea\" class=\"forminator-input forminator-name--field\" aria-required=\"true\" autocomplete=\"name\" \/><\/div><\/div><\/div><div class=\"forminator-row\"><div id=\"text-1\" class=\"forminator-field-text forminator-col forminator-col-12 \"><div class=\"forminator-field\"><label for=\"forminator-field-text-1_69e0673d0edea\" id=\"forminator-field-text-1_69e0673d0edea-label\" class=\"forminator-label\">Firma <span class=\"forminator-required\">*<\/span><\/label><input type=\"text\" name=\"text-1\" value=\"\" placeholder=\"Nazwa firmy\" id=\"forminator-field-text-1_69e0673d0edea\" class=\"forminator-input forminator-name--field\" data-required=\"1\" \/><\/div><\/div><\/div><div class=\"forminator-row\"><div id=\"email-1\" class=\"forminator-field-email forminator-col forminator-col-12 \"><div class=\"forminator-field\"><label for=\"forminator-field-email-1_69e0673d0edea\" id=\"forminator-field-email-1_69e0673d0edea-label\" class=\"forminator-label\">Adres e-mail <span class=\"forminator-required\">*<\/span><\/label><input type=\"email\" name=\"email-1\" value=\"\" placeholder=\"Np. jan@kowalski.com\" id=\"forminator-field-email-1_69e0673d0edea\" class=\"forminator-input forminator-email--field\" data-required=\"1\" aria-required=\"true\" autocomplete=\"email\" \/><\/div><\/div><\/div><div class=\"forminator-row\"><div id=\"consent-1\" class=\"forminator-field-consent forminator-col forminator-col-12 \"><div class=\"forminator-field\"><label for=\"forminator-field-consent-1_69e0673d0edea\" id=\"forminator-field-consent-1_69e0673d0edea-label\" class=\"forminator-label\">Zgoda <span class=\"forminator-required\">*<\/span><\/label><div class=\"forminator-checkbox__wrapper\"><label id=\"forminator-field-consent-1_69e0673d0edea__label\" class=\"forminator-checkbox forminator-consent\"><input type=\"checkbox\" name=\"consent-1\" id=\"forminator-field-consent-1_69e0673d0edea\" value=\"checked\" aria-labelledby=\"forminator-field-consent-1_69e0673d0edea-label\" aria-describedby=\"forminator-field-consent-1_69e0673d0edea__description\" data-required=\"true\" aria-required=\"true\" \/><span class=\"forminator-checkbox-box\" aria-hidden=\"true\"><\/span><\/label><div id=\"forminator-field-consent-1_69e0673d0edea__description\" class=\"forminator-checkbox__label forminator-consent__label\"><p>Tak, zgadzam si\u0119 z <a href=\"https:\/\/lyras.com\/privacy-policy\/\">polityk\u0105 prywatno\u015bci<\/a> i warunkami korzystania.<\/p><\/div><\/div><\/div><\/div><\/div><div class=\"forminator-row\"><div id=\"textarea-1\" class=\"forminator-field-textarea forminator-col forminator-col-12 \"><div class=\"forminator-field\"><label for=\"forminator-field-textarea-1_69e0673d0edea\" id=\"forminator-field-textarea-1_69e0673d0edea-label\" class=\"forminator-label\">Kraj <span class=\"forminator-required\">*<\/span><\/label><textarea name=\"textarea-1\" placeholder=\"Sk\u0105d jeste\u015b?\" id=\"forminator-field-textarea-1_69e0673d0edea\" class=\"forminator-textarea\" rows=\"6\" style=\"min-height:140px;\" ><\/textarea><\/div><\/div><\/div><\/div><button class=\"forminator-button forminator-pagination-submit\" style=\"display: none;\" disabled>Receive full calculation<\/button><\/div><input type=\"hidden\" name=\"referer_url\" value=\"\" \/><input type=\"hidden\" id=\"forminator_nonce\" name=\"forminator_nonce\" value=\"320360efe3\" \/><input type=\"hidden\" name=\"_wp_http_referer\" value=\"\/pl\/wp-json\/wp\/v2\/pages\/5511062\" \/><input type=\"hidden\" name=\"form_id\" value=\"5511066\"><input type=\"hidden\" name=\"page_id\" value=\"5511062\"><input type=\"hidden\" name=\"form_type\" value=\"default\"><input type=\"hidden\" name=\"current_url\" value=\"https:\/\/lyras.com\/pl\/oblicz-ile-energii-zaoszczedzisz\/\"><input type=\"hidden\" name=\"render_id\" value=\"0\"><input type=\"hidden\" name=\"action\" value=\"forminator_submit_form_custom-forms\"><\/form>\n<\/div><div ><a class=\"fusion-button button-flat button-large button-custom fusion-button-default button-1 fusion-button-default-span fusion-button-default-type lyras_button\" style=\"--button_accent_color:var(--awb-custom_color_7);--button_border_color:var(--awb-custom_color_7);--button_accent_hover_color:var(--awb-color4);--button_border_hover_color:var(--awb-custom_color_6);--button_gradient_top_color:var(--awb-color1);--button_gradient_bottom_color:var(--awb-color1);--button_gradient_top_color_hover:var(--awb-color1);--button_gradient_bottom_color_hover:var(--awb-color1);--button_margin-top:20px;\" target=\"_self\" href=\"https:\/\/lyras.com\/pl\/oblicz-ile-energii-zaoszczedzisz\/warunki-do-obliczen\/\"><i class=\"fa-angle-right fas awb-button__icon awb-button__icon--default button-icon-left\" aria-hidden=\"true\"><\/i><span class=\"fusion-button-text awb-button__text awb-button__text--default\">Obliczenia oparte s\u0105 na standardowych warunkach UE. Aby uzyska\u0107 szczeg\u00f3\u0142owe informacje, kliknij tutaj.<\/span><\/a><\/div><\/div><\/div><\/div><\/div><\/p>\n","protected":false},"excerpt":{"rendered":"","protected":false},"author":5008,"featured_media":0,"parent":0,"menu_order":0,"comment_status":"closed","ping_status":"closed","template":"100-width.php","meta":{"footnotes":""},"class_list":["post-5511062","page","type-page","status-publish","hentry"],"_links":{"self":[{"href":"https:\/\/lyras.com\/pl\/wp-json\/wp\/v2\/pages\/5511062","targetHints":{"allow":["GET"]}}],"collection":[{"href":"https:\/\/lyras.com\/pl\/wp-json\/wp\/v2\/pages"}],"about":[{"href":"https:\/\/lyras.com\/pl\/wp-json\/wp\/v2\/types\/page"}],"author":[{"embeddable":true,"href":"https:\/\/lyras.com\/pl\/wp-json\/wp\/v2\/users\/5008"}],"replies":[{"embeddable":true,"href":"https:\/\/lyras.com\/pl\/wp-json\/wp\/v2\/comments?post=5511062"}],"version-history":[{"count":9,"href":"https:\/\/lyras.com\/pl\/wp-json\/wp\/v2\/pages\/5511062\/revisions"}],"predecessor-version":[{"id":5511313,"href":"https:\/\/lyras.com\/pl\/wp-json\/wp\/v2\/pages\/5511062\/revisions\/5511313"}],"wp:attachment":[{"href":"https:\/\/lyras.com\/pl\/wp-json\/wp\/v2\/media?parent=5511062"}],"curies":[{"name":"wp","href":"https:\/\/api.w.org\/{rel}","templated":true}]}}