{"id":5510994,"date":"2022-11-18T14:16:17","date_gmt":"2022-11-18T13:16:17","guid":{"rendered":"https:\/\/lyras.com\/warunki-do-obliczen\/"},"modified":"2024-04-12T08:58:09","modified_gmt":"2024-04-12T06:58:09","slug":"warunki-do-obliczen","status":"publish","type":"page","link":"https:\/\/lyras.com\/pl\/oblicz-ile-energii-zaoszczedzisz\/warunki-do-obliczen\/","title":{"rendered":"Warunki do oblicze\u0144"},"content":{"rendered":"<div class=\"fusion-fullwidth fullwidth-box fusion-builder-row-1 fusion-flex-container nonhundred-percent-fullwidth non-hundred-percent-height-scrolling\" style=\"--awb-border-radius-top-left:0px;--awb-border-radius-top-right:0px;--awb-border-radius-bottom-right:0px;--awb-border-radius-bottom-left:0px;--awb-flex-wrap:wrap;\" ><div class=\"fusion-builder-row fusion-row fusion-flex-align-items-flex-start fusion-flex-justify-content-center fusion-flex-content-wrap\" style=\"max-width:1664px;margin-left: calc(-4% \/ 2 );margin-right: calc(-4% \/ 2 );\"><div class=\"fusion-layout-column fusion_builder_column fusion-builder-column-0 fusion_builder_column_2_3 2_3 fusion-flex-column\" style=\"--awb-bg-size:cover;--awb-width-large:66.666666666667%;--awb-margin-top-large:0px;--awb-spacing-right-large:2.88%;--awb-margin-bottom-large:0px;--awb-spacing-left-large:2.88%;--awb-width-medium:66.666666666667%;--awb-spacing-right-medium:2.88%;--awb-spacing-left-medium:2.88%;--awb-width-small:100%;--awb-spacing-right-small:1.92%;--awb-spacing-left-small:1.92%;\"><div class=\"fusion-column-wrapper fusion-flex-justify-content-flex-start fusion-content-layout-column\"><div class=\"fusion-text fusion-text-1\"><h2>Szacunek otrzymany w wyniku skorzystania z kalkulatora opiera si\u0119 na nast\u0119puj\u0105cych za\u0142o\u017ceniach: <\/h2>\n<ul>\n<li data-leveltext=\"\uf0b7\" data-font=\"Symbol\" data-listid=\"1\" data-list-defn-props=\"{\" aria-setsize=\"-1\" data-aria-posinset=\"1\" data-aria-level=\"1\">Technologia <a href=\"https:\/\/lyras.com\/in-depth\/raslysation\/\" target=\"_blank\" rel=\"noopener\"><strong>raslizacji<\/strong><\/a> zast\u0119puje p\u0142ytowy wymiennik ciep\u0142a; p\u0142ytowy wymiennik ciep\u0142a o odzysku ciep\u0142a na poziomie 89% lub rurowy wymiennik ciep\u0142a o odzysku ciep\u0142a na poziomie 75%, w przypadku soku.&nbsp;&nbsp;<\/li>\n<li data-leveltext=\"\uf0b7\" data-font=\"Symbol\" data-listid=\"1\" data-list-defn-props=\"{\" aria-setsize=\"-1\" data-aria-posinset=\"2\" data-aria-level=\"1\">Temperatura pasteryzacji wynosi 760C w przypadku mleka i serwatki, 960C w przypadku soku i 720C w przypadku wody. &nbsp;<\/li>\n<li data-leveltext=\"\uf0b7\" data-font=\"Symbol\" data-listid=\"1\" data-list-defn-props=\"{\" aria-setsize=\"-1\" data-aria-posinset=\"2\" data-aria-level=\"1\">Ciep\u0142o jest wytwarzane przez kocio\u0142 zasilany gazem ziemnym. &nbsp;<\/li>\n<li data-leveltext=\"\uf0b7\" data-font=\"Symbol\" data-listid=\"1\" data-list-defn-props=\"{\" aria-setsize=\"-1\" data-aria-posinset=\"2\" data-aria-level=\"1\">Koszt metra sze\u015bciennego gazu wynosi 1,5 \u20ac. Koszt pr\u0105du wynosi 0,2 \u20ac\/kWh. <\/li>\n<li data-leveltext=\"\uf0b7\" data-font=\"Symbol\" data-listid=\"1\" data-list-defn-props=\"{\" aria-setsize=\"-1\" data-aria-posinset=\"2\" data-aria-level=\"1\">Temperatura produktu na wylocie wymiennika ciep\u0142a i systemu raslizacji jest taka sama jak temperatura na wlocie.&nbsp;<\/li>\n<li data-leveltext=\"\uf0b7\" data-font=\"Symbol\" data-listid=\"1\" data-list-defn-props=\"{\" aria-setsize=\"-1\" data-aria-posinset=\"2\" data-aria-level=\"1\">Wszystkie szacunki ilo\u015bci CO2 s\u0105 zgodne ze \u015brednimi unijnymi emisjami CO2 na ka\u017cdy wyprodukowany kWh.&nbsp;<\/li>\n<\/ul>\n<\/div><\/div><\/div><\/div><\/div>\n","protected":false},"excerpt":{"rendered":"","protected":false},"author":5008,"featured_media":0,"parent":5511062,"menu_order":0,"comment_status":"closed","ping_status":"closed","template":"","meta":{"footnotes":""},"class_list":["post-5510994","page","type-page","status-publish","hentry"],"_links":{"self":[{"href":"https:\/\/lyras.com\/pl\/wp-json\/wp\/v2\/pages\/5510994","targetHints":{"allow":["GET"]}}],"collection":[{"href":"https:\/\/lyras.com\/pl\/wp-json\/wp\/v2\/pages"}],"about":[{"href":"https:\/\/lyras.com\/pl\/wp-json\/wp\/v2\/types\/page"}],"author":[{"embeddable":true,"href":"https:\/\/lyras.com\/pl\/wp-json\/wp\/v2\/users\/5008"}],"replies":[{"embeddable":true,"href":"https:\/\/lyras.com\/pl\/wp-json\/wp\/v2\/comments?post=5510994"}],"version-history":[{"count":2,"href":"https:\/\/lyras.com\/pl\/wp-json\/wp\/v2\/pages\/5510994\/revisions"}],"predecessor-version":[{"id":5510996,"href":"https:\/\/lyras.com\/pl\/wp-json\/wp\/v2\/pages\/5510994\/revisions\/5510996"}],"up":[{"embeddable":true,"href":"https:\/\/lyras.com\/pl\/wp-json\/wp\/v2\/pages\/5511062"}],"wp:attachment":[{"href":"https:\/\/lyras.com\/pl\/wp-json\/wp\/v2\/media?parent=5510994"}],"curies":[{"name":"wp","href":"https:\/\/api.w.org\/{rel}","templated":true}]}}