{"id":5510662,"date":"2022-11-18T14:16:17","date_gmt":"2022-11-18T13:16:17","guid":{"rendered":"https:\/\/lyras.com\/calculate-energy-water-savings\/conditions-for-the-calculation\/"},"modified":"2024-02-26T14:48:16","modified_gmt":"2024-02-26T13:48:16","slug":"conditions-for-the-calculation","status":"publish","type":"page","link":"https:\/\/lyras.com\/fr\/calculate-energy-water-savings\/conditions-for-the-calculation\/","title":{"rendered":"Conditions de calcul"},"content":{"rendered":"<div class=\"fusion-fullwidth fullwidth-box fusion-builder-row-1 fusion-flex-container nonhundred-percent-fullwidth non-hundred-percent-height-scrolling\" style=\"--awb-border-radius-top-left:0px;--awb-border-radius-top-right:0px;--awb-border-radius-bottom-right:0px;--awb-border-radius-bottom-left:0px;--awb-flex-wrap:wrap;\" ><div class=\"fusion-builder-row fusion-row fusion-flex-align-items-flex-start fusion-flex-justify-content-center fusion-flex-content-wrap\" style=\"max-width:1664px;margin-left: calc(-4% \/ 2 );margin-right: calc(-4% \/ 2 );\"><div class=\"fusion-layout-column fusion_builder_column fusion-builder-column-0 fusion_builder_column_2_3 2_3 fusion-flex-column\" style=\"--awb-bg-size:cover;--awb-width-large:66.666666666667%;--awb-margin-top-large:0px;--awb-spacing-right-large:2.88%;--awb-margin-bottom-large:0px;--awb-spacing-left-large:2.88%;--awb-width-medium:66.666666666667%;--awb-spacing-right-medium:2.88%;--awb-spacing-left-medium:2.88%;--awb-width-small:100%;--awb-spacing-right-small:1.92%;--awb-spacing-left-small:1.92%;\"><div class=\"fusion-column-wrapper fusion-flex-justify-content-flex-start fusion-content-layout-column\"><div class=\"fusion-text fusion-text-1\"><h2>L&rsquo;estimation extraite de l&rsquo;outil de calcul pr\u00e9voit que : <\/h2>\n<ul>\n<li data-leveltext=\"\uf0b7\" data-font=\"Symbol\" data-listid=\"1\" data-list-defn-props=\"{\" aria-setsize=\"-1\" data-aria-posinset=\"1\" data-aria-level=\"1\">La technologie de <a href=\"https:\/\/lyras.com\/in-depth\/raslysation\/\" target=\"_blank\" rel=\"noopener\"><strong>Raslysation<\/strong><\/a> remplace une solution d&rsquo;\u00e9changeur thermique \u00e0 plaques ; l&rsquo;\u00e9changeur thermique \u00e0 plaques a un effet r\u00e9g\u00e9n\u00e9rateur de 89 % ou, en ce qui concerne le jus, l&rsquo;\u00e9changeur thermique tubulaire utilis\u00e9 a un effet r\u00e9g\u00e9n\u00e9rateur de 75 %.&nbsp;&nbsp;<\/li>\n<li data-leveltext=\"\uf0b7\" data-font=\"Symbol\" data-listid=\"1\" data-list-defn-props=\"{\" aria-setsize=\"-1\" data-aria-posinset=\"2\" data-aria-level=\"1\">La temp\u00e9rature de pasteurisation est de 76 degr\u00e9s pour le lait et le lactos\u00e9rum, de 96 degr\u00e9s pour le jus et de 72 degr\u00e9s pour l&rsquo;eau. &nbsp;<\/li>\n<li data-leveltext=\"\uf0b7\" data-font=\"Symbol\" data-listid=\"1\" data-list-defn-props=\"{\" aria-setsize=\"-1\" data-aria-posinset=\"2\" data-aria-level=\"1\">La chaleur est g\u00e9n\u00e9r\u00e9e par une chaudi\u00e8re aliment\u00e9e au gaz naturel. &nbsp;<\/li>\n<li data-leveltext=\"\uf0b7\" data-font=\"Symbol\" data-listid=\"1\" data-list-defn-props=\"{\" aria-setsize=\"-1\" data-aria-posinset=\"2\" data-aria-level=\"1\">Le co\u00fbt d&rsquo;un m\u00e8tre cube de gaz est de 1,5 \u20ac. Le prix de l&rsquo;\u00e9lectricit\u00e9 est de 0,2 \u20ac\/kWh. <\/li>\n<li data-leveltext=\"\uf0b7\" data-font=\"Symbol\" data-listid=\"1\" data-list-defn-props=\"{\" aria-setsize=\"-1\" data-aria-posinset=\"2\" data-aria-level=\"1\">La temp\u00e9rature de sortie du produit de l&rsquo;\u00e9changeur de chaleur et du syst\u00e8me de RaslysationTM est la m\u00eame que la temp\u00e9rature d&rsquo;entr\u00e9e.&nbsp;<\/li>\n<li data-leveltext=\"\uf0b7\" data-font=\"Symbol\" data-listid=\"1\" data-list-defn-props=\"{\" aria-setsize=\"-1\" data-aria-posinset=\"2\" data-aria-level=\"1\">Toutes les estimations des \u00e9missions de CO\u2082 sont bas\u00e9es sur les \u00e9missions moyennes de CO\u2082 dans l&rsquo;UE par kWh par produit. Par traitement d\u2019un produit ?&nbsp;<\/li>\n<\/ul>\n<\/div><\/div><\/div><\/div><\/div>\n","protected":false},"excerpt":{"rendered":"","protected":false},"author":5008,"featured_media":0,"parent":5510658,"menu_order":0,"comment_status":"closed","ping_status":"closed","template":"","meta":{"footnotes":""},"class_list":["post-5510662","page","type-page","status-publish","hentry"],"_links":{"self":[{"href":"https:\/\/lyras.com\/fr\/wp-json\/wp\/v2\/pages\/5510662","targetHints":{"allow":["GET"]}}],"collection":[{"href":"https:\/\/lyras.com\/fr\/wp-json\/wp\/v2\/pages"}],"about":[{"href":"https:\/\/lyras.com\/fr\/wp-json\/wp\/v2\/types\/page"}],"author":[{"embeddable":true,"href":"https:\/\/lyras.com\/fr\/wp-json\/wp\/v2\/users\/5008"}],"replies":[{"embeddable":true,"href":"https:\/\/lyras.com\/fr\/wp-json\/wp\/v2\/comments?post=5510662"}],"version-history":[{"count":3,"href":"https:\/\/lyras.com\/fr\/wp-json\/wp\/v2\/pages\/5510662\/revisions"}],"predecessor-version":[{"id":5510665,"href":"https:\/\/lyras.com\/fr\/wp-json\/wp\/v2\/pages\/5510662\/revisions\/5510665"}],"up":[{"embeddable":true,"href":"https:\/\/lyras.com\/fr\/wp-json\/wp\/v2\/pages\/5510658"}],"wp:attachment":[{"href":"https:\/\/lyras.com\/fr\/wp-json\/wp\/v2\/media?parent=5510662"}],"curies":[{"name":"wp","href":"https:\/\/api.w.org\/{rel}","templated":true}]}}