{"id":5511506,"date":"2022-11-18T14:16:17","date_gmt":"2022-11-18T13:16:17","guid":{"rendered":"https:\/\/lyras.com\/energie-und-co2-einsparungen-berechnen\/conditions-for-the-calculation-de\/"},"modified":"2024-05-28T09:41:03","modified_gmt":"2024-05-28T07:41:03","slug":"conditions-for-the-calculation-de","status":"publish","type":"page","link":"https:\/\/lyras.com\/de\/energie-und-co2-einsparungen-berechnen\/conditions-for-the-calculation-de\/","title":{"rendered":"Conditions for the calculation &#8211; DE"},"content":{"rendered":"<div class=\"fusion-fullwidth fullwidth-box fusion-builder-row-1 fusion-flex-container nonhundred-percent-fullwidth non-hundred-percent-height-scrolling\" style=\"--awb-border-radius-top-left:0px;--awb-border-radius-top-right:0px;--awb-border-radius-bottom-right:0px;--awb-border-radius-bottom-left:0px;--awb-flex-wrap:wrap;\" ><div class=\"fusion-builder-row fusion-row fusion-flex-align-items-flex-start fusion-flex-justify-content-center fusion-flex-content-wrap\" style=\"max-width:1664px;margin-left: calc(-4% \/ 2 );margin-right: calc(-4% \/ 2 );\"><div class=\"fusion-layout-column fusion_builder_column fusion-builder-column-0 fusion_builder_column_2_3 2_3 fusion-flex-column\" style=\"--awb-bg-size:cover;--awb-width-large:66.666666666667%;--awb-margin-top-large:0px;--awb-spacing-right-large:2.88%;--awb-margin-bottom-large:0px;--awb-spacing-left-large:2.88%;--awb-width-medium:66.666666666667%;--awb-spacing-right-medium:2.88%;--awb-spacing-left-medium:2.88%;--awb-width-small:100%;--awb-spacing-right-small:1.92%;--awb-spacing-left-small:1.92%;\"><div class=\"fusion-column-wrapper fusion-flex-justify-content-flex-start fusion-content-layout-column\"><div class=\"fusion-text fusion-text-1\"><h2>Die durch den Rechner ermittelte Sch\u00e4tzung setzt voraus, dass: <\/h2>\n<ul>\n<li data-leveltext=\"\uf0b7\" data-font=\"Symbol\" data-listid=\"1\" data-list-defn-props=\"{\" aria-setsize=\"-1\" data-aria-posinset=\"1\" data-aria-level=\"1\">Die <a href=\"https:\/\/lyras.com\/in-depth\/raslysation\/\" target=\"_blank\" rel=\"noopener\"><strong>Raslysierungstechnologie<\/strong><\/a> eine Plattenw\u00e4rmetauscher-L\u00f6sung ersetzt, der Plattenw\u00e4rmetauscher eine regenerative Wirkung von 89 % hat, oder dass ein r\u00f6hrenf\u00f6rmiger W\u00e4rmetauscher mit einer regenerativen Wirkung von 75 % verwendet wird,&nbsp;&nbsp;<\/li>\n<li data-leveltext=\"\uf0b7\" data-font=\"Symbol\" data-listid=\"1\" data-list-defn-props=\"{\" aria-setsize=\"-1\" data-aria-posinset=\"2\" data-aria-level=\"1\">Dass die Pasteurisierungstemperatur f\u00fcr Milch und Molke 76 Grad betr\u00e4gt, f\u00fcr Saft 96 Grad und f\u00fcr Wasser 72 Grad, &nbsp;<\/li>\n<li data-leveltext=\"\uf0b7\" data-font=\"Symbol\" data-listid=\"1\" data-list-defn-props=\"{\" aria-setsize=\"-1\" data-aria-posinset=\"2\" data-aria-level=\"1\">Die Hitze durch einen mit Erdgas betriebenen Kessel erzeugt wird, &nbsp;<\/li>\n<li data-leveltext=\"\uf0b7\" data-font=\"Symbol\" data-listid=\"1\" data-list-defn-props=\"{\" aria-setsize=\"-1\" data-aria-posinset=\"2\" data-aria-level=\"1\">Der Preis f\u00fcr einen Kubikmeter Gas \u20ac1,50 betr\u00e4gt, der Preis f\u00fcr Strom \u20ac0,20 pro kWh, <\/li>\n<li data-leveltext=\"\uf0b7\" data-font=\"Symbol\" data-listid=\"1\" data-list-defn-props=\"{\" aria-setsize=\"-1\" data-aria-posinset=\"2\" data-aria-level=\"1\">Die Ausgabetemperatur des Produkts sowohl beim W\u00e4rmetauscher als auch beim Raslysierungssystem dieselbe ist wie die Temperatur beim Einf\u00fcllen,&nbsp;<\/li>\n<li data-leveltext=\"\uf0b7\" data-font=\"Symbol\" data-listid=\"1\" data-list-defn-props=\"{\" aria-setsize=\"-1\" data-aria-posinset=\"2\" data-aria-level=\"1\">Alle Sch\u00e4tzungen zu CO2-Emissionen auf der durchschnittlichen CO2-Emission der EU pro kWh basieren.&nbsp;<\/li>\n<\/ul>\n<\/div><\/div><\/div><\/div><\/div>\n","protected":false},"excerpt":{"rendered":"","protected":false},"author":5008,"featured_media":0,"parent":5511502,"menu_order":0,"comment_status":"closed","ping_status":"closed","template":"","meta":{"footnotes":""},"class_list":["post-5511506","page","type-page","status-publish","hentry"],"_links":{"self":[{"href":"https:\/\/lyras.com\/de\/wp-json\/wp\/v2\/pages\/5511506","targetHints":{"allow":["GET"]}}],"collection":[{"href":"https:\/\/lyras.com\/de\/wp-json\/wp\/v2\/pages"}],"about":[{"href":"https:\/\/lyras.com\/de\/wp-json\/wp\/v2\/types\/page"}],"author":[{"embeddable":true,"href":"https:\/\/lyras.com\/de\/wp-json\/wp\/v2\/users\/5008"}],"replies":[{"embeddable":true,"href":"https:\/\/lyras.com\/de\/wp-json\/wp\/v2\/comments?post=5511506"}],"version-history":[{"count":2,"href":"https:\/\/lyras.com\/de\/wp-json\/wp\/v2\/pages\/5511506\/revisions"}],"predecessor-version":[{"id":5511508,"href":"https:\/\/lyras.com\/de\/wp-json\/wp\/v2\/pages\/5511506\/revisions\/5511508"}],"up":[{"embeddable":true,"href":"https:\/\/lyras.com\/de\/wp-json\/wp\/v2\/pages\/5511502"}],"wp:attachment":[{"href":"https:\/\/lyras.com\/de\/wp-json\/wp\/v2\/media?parent=5511506"}],"curies":[{"name":"wp","href":"https:\/\/api.w.org\/{rel}","templated":true}]}}